{"id":1097,"date":"2022-12-13T12:42:51","date_gmt":"2022-12-13T17:42:51","guid":{"rendered":"https:\/\/constructioncrystallaurentides.com\/?page_id=1097"},"modified":"2022-12-14T09:04:08","modified_gmt":"2022-12-14T14:04:08","slug":"projets-cle-en-main-constructions","status":"publish","type":"page","link":"https:\/\/constructioncrystallaurentides.com\/en\/projets-cle-en-main-constructions\/","title":{"rendered":"Turnkey projects and constructions"},"content":{"rendered":"<div data-elementor-type=\"wp-page\" data-elementor-id=\"1097\" class=\"elementor elementor-1097\">\n\t\t\t\t\t\t<section class=\"elementor-section elementor-top-section elementor-element elementor-element-c3a4caa elementor-section-boxed elementor-section-height-default elementor-section-height-default\" data-id=\"c3a4caa\" data-element_type=\"section\" data-e-type=\"section\">\n\t\t\t\t\t\t<div class=\"elementor-container elementor-column-gap-default\">\n\t\t\t\t\t<div class=\"elementor-column elementor-col-100 elementor-top-column elementor-element elementor-element-12ade2e\" data-id=\"12ade2e\" data-element_type=\"column\" data-e-type=\"column\">\n\t\t\t<div class=\"elementor-widget-wrap elementor-element-populated\">\n\t\t\t\t\t\t<section class=\"elementor-section elementor-inner-section elementor-element elementor-element-b1d4498 elementor-section-boxed elementor-section-height-default elementor-section-height-default\" data-id=\"b1d4498\" data-element_type=\"section\" data-e-type=\"section\">\n\t\t\t\t\t\t<div class=\"elementor-container elementor-column-gap-default\">\n\t\t\t\t\t<div class=\"elementor-column elementor-col-100 elementor-inner-column elementor-element elementor-element-2909311\" data-id=\"2909311\" data-element_type=\"column\" data-e-type=\"column\">\n\t\t\t<div class=\"elementor-widget-wrap elementor-element-populated\">\n\t\t\t\t\t\t<div class=\"elementor-element elementor-element-09f4572 elementor-widget elementor-widget-spacer\" data-id=\"09f4572\" data-element_type=\"widget\" data-e-type=\"widget\" data-widget_type=\"spacer.default\">\n\t\t\t\t<div class=\"elementor-widget-container\">\n\t\t\t\t\t\t\t<div class=\"elementor-spacer\">\n\t\t\t<div class=\"elementor-spacer-inner\"><\/div>\n\t\t<\/div>\n\t\t\t\t\t\t<\/div>\n\t\t\t\t<\/div>\n\t\t\t\t\t<\/div>\n\t\t<\/div>\n\t\t\t\t\t<\/div>\n\t\t<\/section>\n\t\t\t\t<div class=\"elementor-element elementor-element-23c7860 elementor-widget elementor-widget-heading\" data-id=\"23c7860\" data-element_type=\"widget\" data-e-type=\"widget\" data-widget_type=\"heading.default\">\n\t\t\t\t<div class=\"elementor-widget-container\">\n\t\t\t\t\t<span class=\"elementor-heading-title elementor-size-default\">TURNKEY PROJECTS, CONSTRUCTION AND RENOVATION<\/span>\t\t\t\t<\/div>\n\t\t\t\t<\/div>\n\t\t\t\t<div class=\"elementor-element elementor-element-389aaa2 elementor-widget elementor-widget-heading\" data-id=\"389aaa2\" data-element_type=\"widget\" data-e-type=\"widget\" data-widget_type=\"heading.default\">\n\t\t\t\t<div class=\"elementor-widget-container\">\n\t\t\t\t\t<h2 class=\"elementor-heading-title elementor-size-default\">A QUALIFIED TEAM\n<\/h2>\t\t\t\t<\/div>\n\t\t\t\t<\/div>\n\t\t\t\t<div class=\"elementor-element elementor-element-24d90a7 elementor-widget elementor-widget-text-editor\" data-id=\"24d90a7\" data-element_type=\"widget\" data-e-type=\"widget\" data-widget_type=\"text-editor.default\">\n\t\t\t\t<div class=\"elementor-widget-container\">\n\t\t\t\t\t\t\t\t\t<p><strong>Construction Crystal is made up of a team experienced in all specialized construction sectors, right HERE, in the heart of the Laurentians.\u00a0\u00a0<\/strong><\/p><p><span style=\"font-weight: 400;\">We attach great importance to the preservation of the appearance <\/span><b>natural<\/b><span style=\"font-weight: 400;\"> of the site chosen for your project. Our love for nature and the preservation of the forest cover are reflected in our developments by a homogeneous appearance of the houses and the aesthetics of their layout.<br \/><\/span><span style=\"font-weight: 400;\">Our <\/span><b>approach<\/b><span style=\"font-weight: 400;\"> is to build sustainable homes that reflect your image, limiting your environmental footprint and respecting your priority needs.\u00a0 <\/span><span style=\"font-weight: 400;\">The Laurentians offer us an extraordinary backdrop to develop intimate and exceptional spaces.<br \/><\/span><\/p><p><span style=\"font-weight: 400;\">We offer <\/span><b>TURNKEY PROJECTS<\/b><span style=\"font-weight: 400;\"> located in Ste-Anne-des-Lacs, Piedmont and Morin Heights, all less than 10 minutes from the Village of St-Sauveur with its multiple gastronomic offers, local shops and many outdoor activities, skiing, and Nordic spas.\u00a0<\/span><span style=\"font-weight: 400;\">Our <\/span><b>mission<\/b><span style=\"font-weight: 400;\"> is to carry out your project in a professional manner, within acceptable deadlines\/budgets and respecting your objectives. We are in close communication with our customers to ensure their peace of mind during the various processes and guarantee results that meet their requirements and needs.<\/span><\/p><p><strong>Construction Crystal will take care of all the stages of the realization of your NEW HOME, RENOVATION or Expansion project. <\/strong>Several photos of our multiple renovation and new home construction projects are available upon request!<\/p>\t\t\t\t\t\t\t\t<\/div>\n\t\t\t\t<\/div>\n\t\t\t\t<div class=\"elementor-element elementor-element-23ef567 elementor-mobile-align-left elementor-align-left elementor-widget elementor-widget-button\" data-id=\"23ef567\" data-element_type=\"widget\" data-e-type=\"widget\" data-widget_type=\"button.default\">\n\t\t\t\t<div class=\"elementor-widget-container\">\n\t\t\t\t\t\t\t\t\t<div class=\"elementor-button-wrapper\">\n\t\t\t\t\t<a class=\"elementor-button elementor-button-link elementor-size-md\" href=\"tel:514-777-6080\">\n\t\t\t\t\t\t<span class=\"elementor-button-content-wrapper\">\n\t\t\t\t\t\t\t\t\t<span class=\"elementor-button-text\">I WANT MORE INFORMATION<\/span>\n\t\t\t\t\t<\/span>\n\t\t\t\t\t<\/a>\n\t\t\t\t<\/div>\n\t\t\t\t\t\t\t\t<\/div>\n\t\t\t\t<\/div>\n\t\t\t\t\t<\/div>\n\t\t<\/div>\n\t\t\t\t\t<\/div>\n\t\t<\/section>\n\t\t\t\t<section class=\"elementor-section elementor-top-section elementor-element elementor-element-d73285d elementor-section-boxed elementor-section-height-default elementor-section-height-default\" data-id=\"d73285d\" data-element_type=\"section\" data-e-type=\"section\">\n\t\t\t\t\t\t<div class=\"elementor-container elementor-column-gap-default\">\n\t\t\t\t\t<div class=\"elementor-column elementor-col-100 elementor-top-column elementor-element elementor-element-f343cd5\" data-id=\"f343cd5\" data-element_type=\"column\" data-e-type=\"column\">\n\t\t\t<div class=\"elementor-widget-wrap elementor-element-populated\">\n\t\t\t\t\t\t<div class=\"elementor-element elementor-element-1b2b8c1 elementor-widget elementor-widget-heading\" data-id=\"1b2b8c1\" data-element_type=\"widget\" data-e-type=\"widget\" data-widget_type=\"heading.default\">\n\t\t\t\t<div class=\"elementor-widget-container\">\n\t\t\t\t\t<h2 class=\"elementor-heading-title elementor-size-default\">RECENT ACHIEVEMENTS<\/h2>\t\t\t\t<\/div>\n\t\t\t\t<\/div>\n\t\t\t\t\t<\/div>\n\t\t<\/div>\n\t\t\t\t\t<\/div>\n\t\t<\/section>\n\t\t\t\t<section class=\"elementor-section elementor-top-section elementor-element elementor-element-6b9cefd elementor-section-full_width elementor-section-height-default elementor-section-height-default\" data-id=\"6b9cefd\" data-element_type=\"section\" data-e-type=\"section\">\n\t\t\t\t\t\t<div class=\"elementor-container elementor-column-gap-no\">\n\t\t\t\t\t<div class=\"elementor-column elementor-col-50 elementor-top-column elementor-element elementor-element-22f372f\" data-id=\"22f372f\" data-element_type=\"column\" data-e-type=\"column\">\n\t\t\t<div class=\"elementor-widget-wrap elementor-element-populated\">\n\t\t\t\t\t\t<div class=\"elementor-element elementor-element-d813319 elementor-widget elementor-widget-image\" data-id=\"d813319\" data-element_type=\"widget\" data-e-type=\"widget\" data-widget_type=\"image.default\">\n\t\t\t\t<div class=\"elementor-widget-container\">\n\t\t\t\t\t\t\t\t\t\t\t\t\t\t\t<img fetchpriority=\"high\" decoding=\"async\" width=\"1024\" height=\"659\" src=\"https:\/\/constructioncrystallaurentides.com\/wp-content\/uploads\/2022\/12\/construct-03.webp\" class=\"attachment-large size-large wp-image-1158\" alt=\"\" srcset=\"https:\/\/constructioncrystallaurentides.com\/wp-content\/uploads\/2022\/12\/construct-03.webp 1024w, https:\/\/constructioncrystallaurentides.com\/wp-content\/uploads\/2022\/12\/construct-03-300x193.webp 300w, https:\/\/constructioncrystallaurentides.com\/wp-content\/uploads\/2022\/12\/construct-03-768x494.webp 768w, https:\/\/constructioncrystallaurentides.com\/wp-content\/uploads\/2022\/12\/construct-03-18x12.webp 18w\" sizes=\"(max-width: 1024px) 100vw, 1024px\" \/>\t\t\t\t\t\t\t\t\t\t\t\t\t\t\t<\/div>\n\t\t\t\t<\/div>\n\t\t\t\t\t<\/div>\n\t\t<\/div>\n\t\t\t\t<div class=\"elementor-column elementor-col-50 elementor-top-column elementor-element elementor-element-4ae2180\" data-id=\"4ae2180\" data-element_type=\"column\" data-e-type=\"column\">\n\t\t\t<div class=\"elementor-widget-wrap elementor-element-populated\">\n\t\t\t\t\t\t<div class=\"elementor-element elementor-element-64bc124 elementor-widget elementor-widget-image\" data-id=\"64bc124\" data-element_type=\"widget\" data-e-type=\"widget\" data-widget_type=\"image.default\">\n\t\t\t\t<div class=\"elementor-widget-container\">\n\t\t\t\t\t\t\t\t\t\t\t\t\t\t\t<img decoding=\"async\" width=\"1024\" height=\"659\" src=\"https:\/\/constructioncrystallaurentides.com\/wp-content\/uploads\/2022\/12\/construct-01.webp\" class=\"attachment-large size-large wp-image-1110\" alt=\"\" srcset=\"https:\/\/constructioncrystallaurentides.com\/wp-content\/uploads\/2022\/12\/construct-01.webp 1024w, https:\/\/constructioncrystallaurentides.com\/wp-content\/uploads\/2022\/12\/construct-01-300x193.webp 300w, https:\/\/constructioncrystallaurentides.com\/wp-content\/uploads\/2022\/12\/construct-01-768x494.webp 768w, https:\/\/constructioncrystallaurentides.com\/wp-content\/uploads\/2022\/12\/construct-01-18x12.webp 18w\" sizes=\"(max-width: 1024px) 100vw, 1024px\" \/>\t\t\t\t\t\t\t\t\t\t\t\t\t\t\t<\/div>\n\t\t\t\t<\/div>\n\t\t\t\t\t<\/div>\n\t\t<\/div>\n\t\t\t\t\t<\/div>\n\t\t<\/section>\n\t\t\t\t<section class=\"elementor-section elementor-top-section elementor-element elementor-element-08441b4 elementor-section-full_width elementor-section-height-default elementor-section-height-default\" data-id=\"08441b4\" data-element_type=\"section\" data-e-type=\"section\">\n\t\t\t\t\t\t<div class=\"elementor-container elementor-column-gap-no\">\n\t\t\t\t\t<div class=\"elementor-column elementor-col-50 elementor-top-column elementor-element elementor-element-9173f3f\" data-id=\"9173f3f\" data-element_type=\"column\" data-e-type=\"column\">\n\t\t\t<div class=\"elementor-widget-wrap elementor-element-populated\">\n\t\t\t\t\t\t<div class=\"elementor-element elementor-element-d160109 elementor-widget elementor-widget-image\" data-id=\"d160109\" data-element_type=\"widget\" data-e-type=\"widget\" data-widget_type=\"image.default\">\n\t\t\t\t<div class=\"elementor-widget-container\">\n\t\t\t\t\t\t\t\t\t\t\t\t\t\t\t<img decoding=\"async\" width=\"1024\" height=\"659\" src=\"https:\/\/constructioncrystallaurentides.com\/wp-content\/uploads\/2022\/12\/construct-02.webp\" class=\"attachment-full size-full wp-image-1159\" alt=\"\" srcset=\"https:\/\/constructioncrystallaurentides.com\/wp-content\/uploads\/2022\/12\/construct-02.webp 1024w, https:\/\/constructioncrystallaurentides.com\/wp-content\/uploads\/2022\/12\/construct-02-300x193.webp 300w, https:\/\/constructioncrystallaurentides.com\/wp-content\/uploads\/2022\/12\/construct-02-768x494.webp 768w, https:\/\/constructioncrystallaurentides.com\/wp-content\/uploads\/2022\/12\/construct-02-18x12.webp 18w\" sizes=\"(max-width: 1024px) 100vw, 1024px\" \/>\t\t\t\t\t\t\t\t\t\t\t\t\t\t\t<\/div>\n\t\t\t\t<\/div>\n\t\t\t\t\t<\/div>\n\t\t<\/div>\n\t\t\t\t<div class=\"elementor-column elementor-col-50 elementor-top-column elementor-element elementor-element-c4e6370\" data-id=\"c4e6370\" data-element_type=\"column\" data-e-type=\"column\">\n\t\t\t<div class=\"elementor-widget-wrap elementor-element-populated\">\n\t\t\t\t\t\t<div class=\"elementor-element elementor-element-53c0cad elementor-widget elementor-widget-image\" data-id=\"53c0cad\" data-element_type=\"widget\" data-e-type=\"widget\" data-widget_type=\"image.default\">\n\t\t\t\t<div class=\"elementor-widget-container\">\n\t\t\t\t\t\t\t\t\t\t\t\t\t\t\t<img loading=\"lazy\" decoding=\"async\" width=\"1024\" height=\"659\" src=\"https:\/\/constructioncrystallaurentides.com\/wp-content\/uploads\/2022\/12\/construct-04.webp\" class=\"attachment-large size-large wp-image-1160\" alt=\"\" srcset=\"https:\/\/constructioncrystallaurentides.com\/wp-content\/uploads\/2022\/12\/construct-04.webp 1024w, https:\/\/constructioncrystallaurentides.com\/wp-content\/uploads\/2022\/12\/construct-04-300x193.webp 300w, https:\/\/constructioncrystallaurentides.com\/wp-content\/uploads\/2022\/12\/construct-04-768x494.webp 768w, https:\/\/constructioncrystallaurentides.com\/wp-content\/uploads\/2022\/12\/construct-04-18x12.webp 18w\" sizes=\"(max-width: 1024px) 100vw, 1024px\" \/>\t\t\t\t\t\t\t\t\t\t\t\t\t\t\t<\/div>\n\t\t\t\t<\/div>\n\t\t\t\t\t<\/div>\n\t\t<\/div>\n\t\t\t\t\t<\/div>\n\t\t<\/section>\n\t\t\t\t<section class=\"elementor-section elementor-top-section elementor-element elementor-element-8fc5da8 elementor-section-full_width elementor-section-height-default elementor-section-height-default\" data-id=\"8fc5da8\" data-element_type=\"section\" data-e-type=\"section\">\n\t\t\t\t\t\t<div class=\"elementor-container elementor-column-gap-no\">\n\t\t\t\t\t<div class=\"elementor-column elementor-col-50 elementor-top-column elementor-element elementor-element-ca33fff\" data-id=\"ca33fff\" data-element_type=\"column\" data-e-type=\"column\">\n\t\t\t<div class=\"elementor-widget-wrap elementor-element-populated\">\n\t\t\t\t\t\t<div class=\"elementor-element elementor-element-7283446 elementor-widget elementor-widget-image\" data-id=\"7283446\" data-element_type=\"widget\" data-e-type=\"widget\" data-widget_type=\"image.default\">\n\t\t\t\t<div class=\"elementor-widget-container\">\n\t\t\t\t\t\t\t\t\t\t\t\t\t\t\t<img loading=\"lazy\" decoding=\"async\" width=\"1024\" height=\"659\" src=\"https:\/\/constructioncrystallaurentides.com\/wp-content\/uploads\/2022\/12\/construct-05.webp\" class=\"attachment-full size-full wp-image-1161\" alt=\"construction-crystal-laurentides-maison-neuves\" srcset=\"https:\/\/constructioncrystallaurentides.com\/wp-content\/uploads\/2022\/12\/construct-05.webp 1024w, https:\/\/constructioncrystallaurentides.com\/wp-content\/uploads\/2022\/12\/construct-05-300x193.webp 300w, https:\/\/constructioncrystallaurentides.com\/wp-content\/uploads\/2022\/12\/construct-05-768x494.webp 768w, https:\/\/constructioncrystallaurentides.com\/wp-content\/uploads\/2022\/12\/construct-05-18x12.webp 18w\" sizes=\"(max-width: 1024px) 100vw, 1024px\" \/>\t\t\t\t\t\t\t\t\t\t\t\t\t\t\t<\/div>\n\t\t\t\t<\/div>\n\t\t\t\t\t<\/div>\n\t\t<\/div>\n\t\t\t\t<div class=\"elementor-column elementor-col-50 elementor-top-column elementor-element elementor-element-0862a76\" data-id=\"0862a76\" data-element_type=\"column\" data-e-type=\"column\">\n\t\t\t<div class=\"elementor-widget-wrap elementor-element-populated\">\n\t\t\t\t\t\t<div class=\"elementor-element elementor-element-33d0169 elementor-widget elementor-widget-image\" data-id=\"33d0169\" data-element_type=\"widget\" data-e-type=\"widget\" data-widget_type=\"image.default\">\n\t\t\t\t<div class=\"elementor-widget-container\">\n\t\t\t\t\t\t\t\t\t\t\t\t\t\t\t<img loading=\"lazy\" decoding=\"async\" width=\"1024\" height=\"659\" src=\"https:\/\/constructioncrystallaurentides.com\/wp-content\/uploads\/2022\/12\/construct-06.webp\" class=\"attachment-large size-large wp-image-1162\" alt=\"construction-crystal-laurentides-maison-neuves\" srcset=\"https:\/\/constructioncrystallaurentides.com\/wp-content\/uploads\/2022\/12\/construct-06.webp 1024w, https:\/\/constructioncrystallaurentides.com\/wp-content\/uploads\/2022\/12\/construct-06-300x193.webp 300w, https:\/\/constructioncrystallaurentides.com\/wp-content\/uploads\/2022\/12\/construct-06-768x494.webp 768w, https:\/\/constructioncrystallaurentides.com\/wp-content\/uploads\/2022\/12\/construct-06-18x12.webp 18w\" sizes=\"(max-width: 1024px) 100vw, 1024px\" \/>\t\t\t\t\t\t\t\t\t\t\t\t\t\t\t<\/div>\n\t\t\t\t<\/div>\n\t\t\t\t\t<\/div>\n\t\t<\/div>\n\t\t\t\t\t<\/div>\n\t\t<\/section>\n\t\t\t\t<\/div>","protected":false},"excerpt":{"rendered":"<p>PROJETS CL\u00c9S EN MAIN, CONSTRUCTION ET R\u00c9NOVATION UNE \u00c9QUIPE QUALIFI\u00c9E Construction Crystal est compos\u00e9e d\u2019une \u00e9quipe exp\u00e9riment\u00e9e dans tous les secteurs sp\u00e9cialis\u00e9s de la construction, et cela, ICI, dans le c\u0153ur des Laurentides.\u00a0\u00a0 Nous portons une grande importance \u00e0 la conservation de l\u2019aspect naturel du site choisi pour votre projet.\u00a0 Notre amour pour la nature&hellip;&nbsp;<a href=\"https:\/\/constructioncrystallaurentides.com\/en\/projets-cle-en-main-constructions\/\" rel=\"bookmark\">Read More &raquo;<span class=\"screen-reader-text\">Turnkey projects and constructions<\/span><\/a><\/p>","protected":false},"author":1,"featured_media":0,"parent":0,"menu_order":0,"comment_status":"closed","ping_status":"closed","template":"page-templates\/template-pagebuilder-full-width.php","meta":{"_seopress_robots_primary_cat":"","_seopress_titles_title":"","_seopress_titles_desc":"","_seopress_robots_index":"","neve_meta_sidebar":"","neve_meta_container":"","neve_meta_enable_content_width":"off","neve_meta_content_width":100,"neve_meta_title_alignment":"","neve_meta_author_avatar":"","neve_post_elements_order":"","neve_meta_disable_header":"","neve_meta_disable_footer":"","neve_meta_disable_title":"","neve_meta_reading_time":"","footnotes":""},"class_list":["post-1097","page","type-page","status-publish","hentry"],"_links":{"self":[{"href":"https:\/\/constructioncrystallaurentides.com\/en\/wp-json\/wp\/v2\/pages\/1097","targetHints":{"allow":["GET"]}}],"collection":[{"href":"https:\/\/constructioncrystallaurentides.com\/en\/wp-json\/wp\/v2\/pages"}],"about":[{"href":"https:\/\/constructioncrystallaurentides.com\/en\/wp-json\/wp\/v2\/types\/page"}],"author":[{"embeddable":true,"href":"https:\/\/constructioncrystallaurentides.com\/en\/wp-json\/wp\/v2\/users\/1"}],"replies":[{"embeddable":true,"href":"https:\/\/constructioncrystallaurentides.com\/en\/wp-json\/wp\/v2\/comments?post=1097"}],"version-history":[{"count":49,"href":"https:\/\/constructioncrystallaurentides.com\/en\/wp-json\/wp\/v2\/pages\/1097\/revisions"}],"predecessor-version":[{"id":1211,"href":"https:\/\/constructioncrystallaurentides.com\/en\/wp-json\/wp\/v2\/pages\/1097\/revisions\/1211"}],"wp:attachment":[{"href":"https:\/\/constructioncrystallaurentides.com\/en\/wp-json\/wp\/v2\/media?parent=1097"}],"curies":[{"name":"wp","href":"https:\/\/api.w.org\/{rel}","templated":true}]}}