{"id":1253,"date":"2022-12-14T10:26:33","date_gmt":"2022-12-14T15:26:33","guid":{"rendered":"https:\/\/constructioncrystallaurentides.com\/?page_id=1253"},"modified":"2022-12-14T11:24:42","modified_gmt":"2022-12-14T16:24:42","slug":"terrains-disponibles-a-vendre-laurentides","status":"publish","type":"page","link":"https:\/\/constructioncrystallaurentides.com\/en\/terrains-disponibles-a-vendre-laurentides\/","title":{"rendered":"Terrains \u00e0 vendre Laurentides"},"content":{"rendered":"<div data-elementor-type=\"wp-page\" data-elementor-id=\"1253\" class=\"elementor elementor-1253\">\n\t\t\t\t\t\t<section class=\"elementor-section elementor-top-section elementor-element elementor-element-c3a4caa elementor-section-boxed elementor-section-height-default elementor-section-height-default\" data-id=\"c3a4caa\" data-element_type=\"section\" data-e-type=\"section\">\n\t\t\t\t\t\t<div class=\"elementor-container elementor-column-gap-default\">\n\t\t\t\t\t<div class=\"elementor-column elementor-col-100 elementor-top-column elementor-element elementor-element-12ade2e\" data-id=\"12ade2e\" data-element_type=\"column\" data-e-type=\"column\">\n\t\t\t<div class=\"elementor-widget-wrap elementor-element-populated\">\n\t\t\t\t\t\t<section class=\"elementor-section elementor-inner-section elementor-element elementor-element-b1d4498 elementor-section-boxed elementor-section-height-default elementor-section-height-default\" data-id=\"b1d4498\" data-element_type=\"section\" data-e-type=\"section\">\n\t\t\t\t\t\t<div class=\"elementor-container elementor-column-gap-default\">\n\t\t\t\t\t<div class=\"elementor-column elementor-col-100 elementor-inner-column elementor-element elementor-element-2909311\" data-id=\"2909311\" data-element_type=\"column\" data-e-type=\"column\">\n\t\t\t<div class=\"elementor-widget-wrap elementor-element-populated\">\n\t\t\t\t\t\t<div class=\"elementor-element elementor-element-09f4572 elementor-widget elementor-widget-spacer\" data-id=\"09f4572\" data-element_type=\"widget\" data-e-type=\"widget\" data-widget_type=\"spacer.default\">\n\t\t\t\t<div class=\"elementor-widget-container\">\n\t\t\t\t\t\t\t<div class=\"elementor-spacer\">\n\t\t\t<div class=\"elementor-spacer-inner\"><\/div>\n\t\t<\/div>\n\t\t\t\t\t\t<\/div>\n\t\t\t\t<\/div>\n\t\t\t\t\t<\/div>\n\t\t<\/div>\n\t\t\t\t\t<\/div>\n\t\t<\/section>\n\t\t\t\t<div class=\"elementor-element elementor-element-23c7860 elementor-widget elementor-widget-heading\" data-id=\"23c7860\" data-element_type=\"widget\" data-e-type=\"widget\" data-widget_type=\"heading.default\">\n\t\t\t\t<div class=\"elementor-widget-container\">\n\t\t\t\t\t<span class=\"elementor-heading-title elementor-size-default\">LAND - TURNKEY AND SELF-BUILDER PROJECTS<\/span>\t\t\t\t<\/div>\n\t\t\t\t<\/div>\n\t\t\t\t<div class=\"elementor-element elementor-element-389aaa2 elementor-widget elementor-widget-heading\" data-id=\"389aaa2\" data-element_type=\"widget\" data-e-type=\"widget\" data-widget_type=\"heading.default\">\n\t\t\t\t<div class=\"elementor-widget-container\">\n\t\t\t\t\t<h2 class=\"elementor-heading-title elementor-size-default\">IN THE HEART OF THE LAURENTIANS\n<\/h2>\t\t\t\t<\/div>\n\t\t\t\t<\/div>\n\t\t\t\t<div class=\"elementor-element elementor-element-24d90a7 elementor-widget elementor-widget-text-editor\" data-id=\"24d90a7\" data-element_type=\"widget\" data-e-type=\"widget\" data-widget_type=\"text-editor.default\">\n\t\t\t\t<div class=\"elementor-widget-container\">\n\t\t\t\t\t\t\t\t\t<p><strong>Discover the full heart of this beautiful region which will allow you to return to childhood at times, to discover its beauty through its diverse and rich flora and fauna, to practice 4 season outdoor sports and to obtain a healthy lifestyle.<\/strong><\/p><p><strong>Our LANDS offering Turnkey Project options<\/strong><span style=\"font-weight: 400;\"> (including choosing your land as well as building your home) are located at:<\/span><\/p><ul><li style=\"font-weight: 400;\" aria-level=\"1\"><strong><span style=\"text-decoration: underline;\">Ste-Anne-des-Lacs: Almost<i> everything is sold!<\/i><\/span><\/strong><\/li><\/ul><p><span style=\"font-weight: 400;\">Magnificent Private Estate on the Lake\u00a0 <\/span><span style=\"font-weight: 400;\">We have 3 lots left available (see map below)<\/span><\/p><p><span style=\"font-weight: 400;\">Lot #2: 88,760 PC with private access to the lake<\/span><\/p><p><span style=\"font-weight: 400;\">Lot #17: 62,335 sf on the edge of the lake, South and West orientation<\/span><\/p><p><span style=\"font-weight: 400;\">Lot #15: 66,415 sq. ft. bordering the lake, south orientation\u00a0<\/span><\/p><p><strong>Price ranging from $300,000 to $575,000 <i>plus taxes<\/i>\u00a0<\/strong><\/p><ul><li style=\"font-weight: 400;\" aria-level=\"1\"><span style=\"text-decoration: underline;\"><strong>Piedmont<\/strong><\/span><\/li><\/ul><p><span style=\"font-weight: 400;\">Magnificent private estate located at the top of the mountain offering spectacular views.\u00a0<\/span><\/p><p><strong>Price: from $325,000 to $400,000 <i>plus taxes<\/i>\u00a0<\/strong><\/p><p><span style=\"font-weight: 400;\">Dimensions: ranging from 50,000 to 80,000 PC\u00a0\u00a0<br \/><\/span><span style=\"font-weight: 400;\">Project located 5 minutes from St-Sauveur, 3 km from Ski Mont St-Sauveur and less than 2 minutes from the entrance to Highway 15.<\/span><\/p><ul><li style=\"font-weight: 400;\" aria-level=\"1\"><span style=\"text-decoration: underline;\"><strong>Morin Heights (Turnkey or self-build option)<\/strong><\/span><\/li><\/ul><p><strong>Price: from $275,000 to $350,000<\/strong><\/p><p><span style=\"font-weight: 400;\">Dimensions: from 45,000 to 60,000 P<br \/><\/span><span style=\"font-weight: 400;\"><br \/>Intimate grounds with a view of Ski Morin Heights and on the edge of a stream. <\/span><span style=\"font-weight: 400;\">We also have wonderful <\/span><b>LANDS nature<\/b><span style=\"font-weight: 400;\"> for sale with the possibility of self-construction at the end of 2024\/2025:\u00a0<\/span><\/p><ul><li style=\"font-weight: 400;\" aria-level=\"1\"><span style=\"text-decoration: underline;\"><strong>Ste-Anne-des-Lacs\u00a0<\/strong><\/span><\/li><\/ul><p><strong>Price: from $175,000 to $350,000 <i>plus taxes<\/i>\u00a0<\/strong><\/p><p><span style=\"font-weight: 400;\">Dimensions: 53,000 to 90,000 PCs<\/span><\/p><ul><li style=\"font-weight: 400;\" aria-level=\"1\"><span style=\"text-decoration: underline;\"><strong>Morin Heights\u00a0<\/strong><\/span><\/li><\/ul><p><strong>Price: from $275,000 to $350,000<\/strong><\/p><p><span style=\"font-weight: 400;\">Dimensions: 45,000 to 60,000 PCs<br \/><\/span><span style=\"font-weight: 400;\">Intimate grounds with a view of Ski Morin Heights and on the edge of a stream.<\/span><\/p>\t\t\t\t\t\t\t\t<\/div>\n\t\t\t\t<\/div>\n\t\t\t\t<div class=\"elementor-element elementor-element-23ef567 elementor-mobile-align-left elementor-align-left elementor-widget elementor-widget-button\" data-id=\"23ef567\" data-element_type=\"widget\" data-e-type=\"widget\" data-widget_type=\"button.default\">\n\t\t\t\t<div class=\"elementor-widget-container\">\n\t\t\t\t\t\t\t\t\t<div class=\"elementor-button-wrapper\">\n\t\t\t\t\t<a class=\"elementor-button elementor-button-link elementor-size-md\" href=\"tel:514-777-6080\">\n\t\t\t\t\t\t<span class=\"elementor-button-content-wrapper\">\n\t\t\t\t\t\t\t\t\t<span class=\"elementor-button-text\">I WANT MORE INFORMATION<\/span>\n\t\t\t\t\t<\/span>\n\t\t\t\t\t<\/a>\n\t\t\t\t<\/div>\n\t\t\t\t\t\t\t\t<\/div>\n\t\t\t\t<\/div>\n\t\t\t\t\t<\/div>\n\t\t<\/div>\n\t\t\t\t\t<\/div>\n\t\t<\/section>\n\t\t\t\t<section class=\"elementor-section elementor-top-section elementor-element elementor-element-a5a03bd elementor-section-boxed elementor-section-height-default elementor-section-height-default\" data-id=\"a5a03bd\" data-element_type=\"section\" data-e-type=\"section\">\n\t\t\t\t\t\t<div class=\"elementor-container elementor-column-gap-default\">\n\t\t\t\t\t<div class=\"elementor-column elementor-col-100 elementor-top-column elementor-element elementor-element-e518157\" data-id=\"e518157\" data-element_type=\"column\" data-e-type=\"column\">\n\t\t\t<div class=\"elementor-widget-wrap elementor-element-populated\">\n\t\t\t\t\t\t<div class=\"elementor-element elementor-element-4d9669d elementor-widget elementor-widget-heading\" data-id=\"4d9669d\" data-element_type=\"widget\" data-e-type=\"widget\" data-widget_type=\"heading.default\">\n\t\t\t\t<div class=\"elementor-widget-container\">\n\t\t\t\t\t<h2 class=\"elementor-heading-title elementor-size-default\">DOMAINE D. Sainte-Anne-des-Lacs MAP\n<\/h2>\t\t\t\t<\/div>\n\t\t\t\t<\/div>\n\t\t\t\t<div class=\"elementor-element elementor-element-5ff71a2 elementor-widget elementor-widget-text-editor\" data-id=\"5ff71a2\" data-element_type=\"widget\" data-e-type=\"widget\" data-widget_type=\"text-editor.default\">\n\t\t\t\t<div class=\"elementor-widget-container\">\n\t\t\t\t\t\t\t\t\t<p>Turnkey projects that can start as early as June 2023!<\/p>\t\t\t\t\t\t\t\t<\/div>\n\t\t\t\t<\/div>\n\t\t\t\t<div class=\"elementor-element elementor-element-ad0f4d9 elementor-widget elementor-widget-image\" data-id=\"ad0f4d9\" data-element_type=\"widget\" data-e-type=\"widget\" data-widget_type=\"image.default\">\n\t\t\t\t<div class=\"elementor-widget-container\">\n\t\t\t\t\t\t\t\t\t\t\t\t\t\t\t\t<a href=\"https:\/\/constructioncrystallaurentides.com\/wp-content\/uploads\/2022\/12\/plan-terrains.webp\" data-elementor-open-lightbox=\"yes\" data-elementor-lightbox-title=\"plan-terrains\" data-e-action-hash=\"#elementor-action%3Aaction%3Dlightbox%26settings%3DeyJpZCI6MTI4OCwidXJsIjoiaHR0cHM6XC9cL2NvbnN0cnVjdGlvbmNyeXN0YWxsYXVyZW50aWRlcy5jb21cL3dwLWNvbnRlbnRcL3VwbG9hZHNcLzIwMjJcLzEyXC9wbGFuLXRlcnJhaW5zLndlYnAifQ%3D%3D\">\n\t\t\t\t\t\t\t<img fetchpriority=\"high\" decoding=\"async\" width=\"1024\" height=\"576\" src=\"https:\/\/constructioncrystallaurentides.com\/wp-content\/uploads\/2022\/12\/plan-terrains-1024x576.webp\" class=\"attachment-large size-large wp-image-1288\" alt=\"construction-crystal-laurentides-maison-neuves\" srcset=\"https:\/\/constructioncrystallaurentides.com\/wp-content\/uploads\/2022\/12\/plan-terrains-1024x576.webp 1024w, https:\/\/constructioncrystallaurentides.com\/wp-content\/uploads\/2022\/12\/plan-terrains-300x169.webp 300w, https:\/\/constructioncrystallaurentides.com\/wp-content\/uploads\/2022\/12\/plan-terrains-768x432.webp 768w, https:\/\/constructioncrystallaurentides.com\/wp-content\/uploads\/2022\/12\/plan-terrains-18x10.webp 18w, https:\/\/constructioncrystallaurentides.com\/wp-content\/uploads\/2022\/12\/plan-terrains.webp 1344w\" sizes=\"(max-width: 1024px) 100vw, 1024px\" \/>\t\t\t\t\t\t\t\t<\/a>\n\t\t\t\t\t\t\t\t\t\t\t\t\t\t\t<\/div>\n\t\t\t\t<\/div>\n\t\t\t\t\t<\/div>\n\t\t<\/div>\n\t\t\t\t\t<\/div>\n\t\t<\/section>\n\t\t\t\t<section class=\"elementor-section elementor-top-section elementor-element elementor-element-6b9cefd elementor-section-full_width elementor-section-height-default elementor-section-height-default\" data-id=\"6b9cefd\" data-element_type=\"section\" data-e-type=\"section\">\n\t\t\t\t\t\t<div class=\"elementor-container elementor-column-gap-no\">\n\t\t\t\t\t<div class=\"elementor-column elementor-col-50 elementor-top-column elementor-element elementor-element-22f372f\" data-id=\"22f372f\" data-element_type=\"column\" data-e-type=\"column\">\n\t\t\t<div class=\"elementor-widget-wrap elementor-element-populated\">\n\t\t\t\t\t\t<div class=\"elementor-element elementor-element-d813319 elementor-widget elementor-widget-image\" data-id=\"d813319\" data-element_type=\"widget\" data-e-type=\"widget\" data-widget_type=\"image.default\">\n\t\t\t\t<div class=\"elementor-widget-container\">\n\t\t\t\t\t\t\t\t\t\t\t\t\t\t\t<img decoding=\"async\" width=\"1024\" height=\"659\" src=\"https:\/\/constructioncrystallaurentides.com\/wp-content\/uploads\/2022\/12\/lake-terrains.webp\" class=\"attachment-large size-large wp-image-1262\" alt=\"construction-crystal-laurentides-maison-neuves\" srcset=\"https:\/\/constructioncrystallaurentides.com\/wp-content\/uploads\/2022\/12\/lake-terrains.webp 1024w, https:\/\/constructioncrystallaurentides.com\/wp-content\/uploads\/2022\/12\/lake-terrains-300x193.webp 300w, https:\/\/constructioncrystallaurentides.com\/wp-content\/uploads\/2022\/12\/lake-terrains-768x494.webp 768w, https:\/\/constructioncrystallaurentides.com\/wp-content\/uploads\/2022\/12\/lake-terrains-18x12.webp 18w\" sizes=\"(max-width: 1024px) 100vw, 1024px\" \/>\t\t\t\t\t\t\t\t\t\t\t\t\t\t\t<\/div>\n\t\t\t\t<\/div>\n\t\t\t\t\t<\/div>\n\t\t<\/div>\n\t\t\t\t<div class=\"elementor-column elementor-col-50 elementor-top-column elementor-element elementor-element-4ae2180\" data-id=\"4ae2180\" data-element_type=\"column\" data-e-type=\"column\">\n\t\t\t<div class=\"elementor-widget-wrap elementor-element-populated\">\n\t\t\t\t\t\t<div class=\"elementor-element elementor-element-64bc124 elementor-widget elementor-widget-image\" data-id=\"64bc124\" data-element_type=\"widget\" data-e-type=\"widget\" data-widget_type=\"image.default\">\n\t\t\t\t<div class=\"elementor-widget-container\">\n\t\t\t\t\t\t\t\t\t\t\t\t\t\t\t<img decoding=\"async\" width=\"1024\" height=\"659\" src=\"https:\/\/constructioncrystallaurentides.com\/wp-content\/uploads\/2022\/12\/lake-terrains-02.webp\" class=\"attachment-large size-large wp-image-1264\" alt=\"construction-crystal-laurentides-maison-neuves\" srcset=\"https:\/\/constructioncrystallaurentides.com\/wp-content\/uploads\/2022\/12\/lake-terrains-02.webp 1024w, https:\/\/constructioncrystallaurentides.com\/wp-content\/uploads\/2022\/12\/lake-terrains-02-300x193.webp 300w, https:\/\/constructioncrystallaurentides.com\/wp-content\/uploads\/2022\/12\/lake-terrains-02-768x494.webp 768w, https:\/\/constructioncrystallaurentides.com\/wp-content\/uploads\/2022\/12\/lake-terrains-02-18x12.webp 18w\" sizes=\"(max-width: 1024px) 100vw, 1024px\" \/>\t\t\t\t\t\t\t\t\t\t\t\t\t\t\t<\/div>\n\t\t\t\t<\/div>\n\t\t\t\t\t<\/div>\n\t\t<\/div>\n\t\t\t\t\t<\/div>\n\t\t<\/section>\n\t\t\t\t<section class=\"elementor-section elementor-top-section elementor-element elementor-element-08441b4 elementor-section-full_width elementor-section-height-default elementor-section-height-default\" data-id=\"08441b4\" data-element_type=\"section\" data-e-type=\"section\">\n\t\t\t\t\t\t<div class=\"elementor-container elementor-column-gap-no\">\n\t\t\t\t\t<div class=\"elementor-column elementor-col-50 elementor-top-column elementor-element elementor-element-9173f3f\" data-id=\"9173f3f\" data-element_type=\"column\" data-e-type=\"column\">\n\t\t\t<div class=\"elementor-widget-wrap elementor-element-populated\">\n\t\t\t\t\t\t<div class=\"elementor-element elementor-element-d160109 elementor-widget elementor-widget-image\" data-id=\"d160109\" data-element_type=\"widget\" data-e-type=\"widget\" data-widget_type=\"image.default\">\n\t\t\t\t<div class=\"elementor-widget-container\">\n\t\t\t\t\t\t\t\t\t\t\t\t\t\t\t<img loading=\"lazy\" decoding=\"async\" width=\"1024\" height=\"659\" src=\"https:\/\/constructioncrystallaurentides.com\/wp-content\/uploads\/2022\/12\/lake-terrains-03.webp\" class=\"attachment-full size-full wp-image-1273\" alt=\"construction-crystal-laurentides-maison-neuves\" srcset=\"https:\/\/constructioncrystallaurentides.com\/wp-content\/uploads\/2022\/12\/lake-terrains-03.webp 1024w, https:\/\/constructioncrystallaurentides.com\/wp-content\/uploads\/2022\/12\/lake-terrains-03-300x193.webp 300w, https:\/\/constructioncrystallaurentides.com\/wp-content\/uploads\/2022\/12\/lake-terrains-03-768x494.webp 768w, https:\/\/constructioncrystallaurentides.com\/wp-content\/uploads\/2022\/12\/lake-terrains-03-18x12.webp 18w\" sizes=\"(max-width: 1024px) 100vw, 1024px\" \/>\t\t\t\t\t\t\t\t\t\t\t\t\t\t\t<\/div>\n\t\t\t\t<\/div>\n\t\t\t\t\t<\/div>\n\t\t<\/div>\n\t\t\t\t<div class=\"elementor-column elementor-col-50 elementor-top-column elementor-element elementor-element-c4e6370\" data-id=\"c4e6370\" data-element_type=\"column\" data-e-type=\"column\">\n\t\t\t<div class=\"elementor-widget-wrap elementor-element-populated\">\n\t\t\t\t\t\t<div class=\"elementor-element elementor-element-53c0cad elementor-widget elementor-widget-image\" data-id=\"53c0cad\" data-element_type=\"widget\" data-e-type=\"widget\" data-widget_type=\"image.default\">\n\t\t\t\t<div class=\"elementor-widget-container\">\n\t\t\t\t\t\t\t\t\t\t\t\t\t\t\t<img loading=\"lazy\" decoding=\"async\" width=\"1024\" height=\"659\" src=\"https:\/\/constructioncrystallaurentides.com\/wp-content\/uploads\/2022\/12\/lake-terrains-04.webp\" class=\"attachment-large size-large wp-image-1275\" alt=\"construction-crystal-laurentides-maison-neuves\" srcset=\"https:\/\/constructioncrystallaurentides.com\/wp-content\/uploads\/2022\/12\/lake-terrains-04.webp 1024w, https:\/\/constructioncrystallaurentides.com\/wp-content\/uploads\/2022\/12\/lake-terrains-04-300x193.webp 300w, https:\/\/constructioncrystallaurentides.com\/wp-content\/uploads\/2022\/12\/lake-terrains-04-768x494.webp 768w, https:\/\/constructioncrystallaurentides.com\/wp-content\/uploads\/2022\/12\/lake-terrains-04-18x12.webp 18w\" sizes=\"(max-width: 1024px) 100vw, 1024px\" \/>\t\t\t\t\t\t\t\t\t\t\t\t\t\t\t<\/div>\n\t\t\t\t<\/div>\n\t\t\t\t\t<\/div>\n\t\t<\/div>\n\t\t\t\t\t<\/div>\n\t\t<\/section>\n\t\t\t\t<\/div>","protected":false},"excerpt":{"rendered":"<p>TERRAINS &#8211; PROJETS CL\u00c9S EN MAINS ET AUTO-CONSTRUCTEURS AU COEUR DES LAURENTIDES D\u00e9couvrez le plein c\u0153ur de cette belle r\u00e9gion qui vous permettra de retourner en enfance par moment, de d\u00e9couvrir sa beaut\u00e9 par sa flore et sa faune diversifi\u00e9e et riche, de pratiquer des sports de plein air 4 saisons et d\u2019obtenir un style&hellip;&nbsp;<a href=\"https:\/\/constructioncrystallaurentides.com\/en\/terrains-disponibles-a-vendre-laurentides\/\" rel=\"bookmark\">Read More &raquo;<span class=\"screen-reader-text\">Terrains \u00e0 vendre Laurentides<\/span><\/a><\/p>","protected":false},"author":1,"featured_media":0,"parent":0,"menu_order":0,"comment_status":"closed","ping_status":"closed","template":"page-templates\/template-pagebuilder-full-width.php","meta":{"_seopress_robots_primary_cat":"","_seopress_titles_title":"Terrains a vendre bord de l'eau, terrain bois\u00e9, Laurentides","_seopress_titles_desc":"TERRAINS - PROJETS CL\u00c9S EN MAINS ET AUTO-CONSTRUCTEURS AU COEUR DES LAURENTIDES. Terrains bois\u00e9s, projet maison neuve ou auto-constructeur.","_seopress_robots_index":"","_seopress_analysis_target_kw":"","neve_meta_sidebar":"","neve_meta_container":"","neve_meta_enable_content_width":"off","neve_meta_content_width":100,"neve_meta_title_alignment":"","neve_meta_author_avatar":"","neve_post_elements_order":"","neve_meta_disable_header":"","neve_meta_disable_footer":"","neve_meta_disable_title":"","neve_meta_reading_time":"","footnotes":""},"class_list":["post-1253","page","type-page","status-publish","hentry"],"_links":{"self":[{"href":"https:\/\/constructioncrystallaurentides.com\/en\/wp-json\/wp\/v2\/pages\/1253","targetHints":{"allow":["GET"]}}],"collection":[{"href":"https:\/\/constructioncrystallaurentides.com\/en\/wp-json\/wp\/v2\/pages"}],"about":[{"href":"https:\/\/constructioncrystallaurentides.com\/en\/wp-json\/wp\/v2\/types\/page"}],"author":[{"embeddable":true,"href":"https:\/\/constructioncrystallaurentides.com\/en\/wp-json\/wp\/v2\/users\/1"}],"replies":[{"embeddable":true,"href":"https:\/\/constructioncrystallaurentides.com\/en\/wp-json\/wp\/v2\/comments?post=1253"}],"version-history":[{"count":36,"href":"https:\/\/constructioncrystallaurentides.com\/en\/wp-json\/wp\/v2\/pages\/1253\/revisions"}],"predecessor-version":[{"id":1300,"href":"https:\/\/constructioncrystallaurentides.com\/en\/wp-json\/wp\/v2\/pages\/1253\/revisions\/1300"}],"wp:attachment":[{"href":"https:\/\/constructioncrystallaurentides.com\/en\/wp-json\/wp\/v2\/media?parent=1253"}],"curies":[{"name":"wp","href":"https:\/\/api.w.org\/{rel}","templated":true}]}}