{"id":342,"date":"2022-07-25T14:20:12","date_gmt":"2022-07-25T14:20:12","guid":{"rendered":"https:\/\/demosites.io\/architecture-studio\/?page_id=342"},"modified":"2025-01-15T10:09:22","modified_gmt":"2025-01-15T15:09:22","slug":"plan-de-maisons","status":"publish","type":"page","link":"https:\/\/constructioncrystallaurentides.com\/en\/plan-de-maisons\/","title":{"rendered":"Plan de maison"},"content":{"rendered":"<div data-elementor-type=\"wp-page\" data-elementor-id=\"342\" class=\"elementor elementor-342\">\n\t\t\t\t\t\t<section class=\"elementor-section elementor-top-section elementor-element elementor-element-274eec0 elementor-section-boxed elementor-section-height-default elementor-section-height-default\" data-id=\"274eec0\" data-element_type=\"section\" data-e-type=\"section\">\n\t\t\t\t\t\t<div class=\"elementor-container elementor-column-gap-default\">\n\t\t\t\t\t<div class=\"elementor-column elementor-col-100 elementor-top-column elementor-element elementor-element-00a4ed2\" data-id=\"00a4ed2\" data-element_type=\"column\" data-e-type=\"column\">\n\t\t\t<div class=\"elementor-widget-wrap elementor-element-populated\">\n\t\t\t\t\t\t<section class=\"elementor-section elementor-inner-section elementor-element elementor-element-9323af6 elementor-section-boxed elementor-section-height-default elementor-section-height-default\" data-id=\"9323af6\" data-element_type=\"section\" data-e-type=\"section\">\n\t\t\t\t\t\t<div class=\"elementor-container elementor-column-gap-default\">\n\t\t\t\t\t<div class=\"elementor-column elementor-col-100 elementor-inner-column elementor-element elementor-element-155de50\" data-id=\"155de50\" data-element_type=\"column\" data-e-type=\"column\">\n\t\t\t<div class=\"elementor-widget-wrap elementor-element-populated\">\n\t\t\t\t\t\t<div class=\"elementor-element elementor-element-3e66f17 elementor-widget elementor-widget-spacer\" data-id=\"3e66f17\" data-element_type=\"widget\" data-e-type=\"widget\" data-widget_type=\"spacer.default\">\n\t\t\t\t<div class=\"elementor-widget-container\">\n\t\t\t\t\t\t\t<div class=\"elementor-spacer\">\n\t\t\t<div class=\"elementor-spacer-inner\"><\/div>\n\t\t<\/div>\n\t\t\t\t\t\t<\/div>\n\t\t\t\t<\/div>\n\t\t\t\t\t<\/div>\n\t\t<\/div>\n\t\t\t\t\t<\/div>\n\t\t<\/section>\n\t\t\t\t<div class=\"elementor-element elementor-element-79e132a elementor-widget elementor-widget-heading\" data-id=\"79e132a\" data-element_type=\"widget\" data-e-type=\"widget\" data-widget_type=\"heading.default\">\n\t\t\t\t<div class=\"elementor-widget-container\">\n\t\t\t\t\t<span class=\"elementor-heading-title elementor-size-default\">CUSTOMIZED PLANS!<\/span>\t\t\t\t<\/div>\n\t\t\t\t<\/div>\n\t\t\t\t<div class=\"elementor-element elementor-element-da574f3 elementor-widget elementor-widget-heading\" data-id=\"da574f3\" data-element_type=\"widget\" data-e-type=\"widget\" data-widget_type=\"heading.default\">\n\t\t\t\t<div class=\"elementor-widget-container\">\n\t\t\t\t\t<h2 class=\"elementor-heading-title elementor-size-default\">NEW PLANS AVAILABLE FROM MARCH 2025!\n<\/h2>\t\t\t\t<\/div>\n\t\t\t\t<\/div>\n\t\t\t\t<div class=\"elementor-element elementor-element-23b8527 elementor-widget elementor-widget-heading\" data-id=\"23b8527\" data-element_type=\"widget\" data-e-type=\"widget\" data-widget_type=\"heading.default\">\n\t\t\t\t<div class=\"elementor-widget-container\">\n\t\t\t\t\t<h2 class=\"elementor-heading-title elementor-size-default\">AN ARCHITECTURE IN HARMONY WITH NATURE\n<\/h2>\t\t\t\t<\/div>\n\t\t\t\t<\/div>\n\t\t\t\t<div class=\"elementor-element elementor-element-9e6ae21 elementor-widget elementor-widget-text-editor\" data-id=\"9e6ae21\" data-element_type=\"widget\" data-e-type=\"widget\" data-widget_type=\"text-editor.default\">\n\t\t\t\t<div class=\"elementor-widget-container\">\n\t\t\t\t\t\t\t\t\t<p><span style=\"font-weight: 400;\"><strong>Construction Crystal<\/strong> works as a team with an experienced architectural technologist with various fields of expertise to deliver professional plans for new construction, renovation or expansion, in a personalized manner.\u00a0<\/span><\/p><p><span style=\"font-weight: 400;\"><strong>Our goal is to maximize spaces in order to make them functional and pleasant from a design point of view at the same time.<\/strong> Our plans respect the zoning regulations in your municipality while ensuring an architecture and a style that harmonizes with the particular geographical location of your land.\u00a0<\/span><\/p><p><span style=\"font-weight: 400;\">We rely on close collaboration and listening with you in order to be able to cover all your needs and desires in the creation of one of your biggest life projects. <\/span><span style=\"font-weight: 400;\">Voici quelques exemples de plans de maison qui sont align\u00e9s avec les styles au go\u00fbt du jour afin de vous inspirer pour le v\u00f4tre !<\/span><b><br \/><\/b><\/p>\t\t\t\t\t\t\t\t<\/div>\n\t\t\t\t<\/div>\n\t\t\t\t<div class=\"elementor-element elementor-element-29eef5a elementor-mobile-align-left elementor-align-left elementor-widget elementor-widget-button\" data-id=\"29eef5a\" data-element_type=\"widget\" data-e-type=\"widget\" data-widget_type=\"button.default\">\n\t\t\t\t<div class=\"elementor-widget-container\">\n\t\t\t\t\t\t\t\t\t<div class=\"elementor-button-wrapper\">\n\t\t\t\t\t<a class=\"elementor-button elementor-button-link elementor-size-md\" href=\"tel:514-777-6080\">\n\t\t\t\t\t\t<span class=\"elementor-button-content-wrapper\">\n\t\t\t\t\t\t\t\t\t<span class=\"elementor-button-text\">I WANT MORE INFORMATION<\/span>\n\t\t\t\t\t<\/span>\n\t\t\t\t\t<\/a>\n\t\t\t\t<\/div>\n\t\t\t\t\t\t\t\t<\/div>\n\t\t\t\t<\/div>\n\t\t\t\t\t<\/div>\n\t\t<\/div>\n\t\t\t\t\t<\/div>\n\t\t<\/section>\n\t\t\t\t<\/div>","protected":false},"excerpt":{"rendered":"<p>DES PLANS SUR MESURE! NOUVEAUX PLANS DISPONIBLES D\u00c8S MARS 2025! UNE ARCHITECTURE EN HARMONIE AVEC LA NATURE Construction Crystal travaille en \u00e9quipe avec une technologue en architecture exp\u00e9riment\u00e9e et aux champs d&rsquo;expertise vari\u00e9s afin de vous livrer des plans professionnels de construction neuve, de r\u00e9novation ou d\u2019agrandissement, et cela de mani\u00e8re personnalis\u00e9e.\u00a0 Notre objectif est&hellip;&nbsp;<a href=\"https:\/\/constructioncrystallaurentides.com\/en\/plan-de-maisons\/\" rel=\"bookmark\">Read More &raquo;<span class=\"screen-reader-text\">Plan de maison<\/span><\/a><\/p>","protected":false},"author":1,"featured_media":0,"parent":0,"menu_order":0,"comment_status":"closed","ping_status":"closed","template":"page-templates\/template-pagebuilder-full-width.php","meta":{"_seopress_robots_primary_cat":"","_seopress_titles_title":"Construction Crystal, plan de maison, architecture, Laurentides.","_seopress_titles_desc":"Entrepreneur chevronn\u00e9 en construction dans les Laurentides qui offre des plans professionnels de construction neuve, de r\u00e9novation ou d\u2019agrandissement.\u00a0","_seopress_robots_index":"","neve_meta_sidebar":"","neve_meta_container":"","neve_meta_enable_content_width":"off","neve_meta_content_width":100,"neve_meta_title_alignment":"","neve_meta_author_avatar":"","neve_post_elements_order":"","neve_meta_disable_header":"","neve_meta_disable_footer":"","neve_meta_disable_title":"","neve_meta_reading_time":"","footnotes":""},"class_list":["post-342","page","type-page","status-publish","hentry"],"_links":{"self":[{"href":"https:\/\/constructioncrystallaurentides.com\/en\/wp-json\/wp\/v2\/pages\/342","targetHints":{"allow":["GET"]}}],"collection":[{"href":"https:\/\/constructioncrystallaurentides.com\/en\/wp-json\/wp\/v2\/pages"}],"about":[{"href":"https:\/\/constructioncrystallaurentides.com\/en\/wp-json\/wp\/v2\/types\/page"}],"author":[{"embeddable":true,"href":"https:\/\/constructioncrystallaurentides.com\/en\/wp-json\/wp\/v2\/users\/1"}],"replies":[{"embeddable":true,"href":"https:\/\/constructioncrystallaurentides.com\/en\/wp-json\/wp\/v2\/comments?post=342"}],"version-history":[{"count":95,"href":"https:\/\/constructioncrystallaurentides.com\/en\/wp-json\/wp\/v2\/pages\/342\/revisions"}],"predecessor-version":[{"id":1472,"href":"https:\/\/constructioncrystallaurentides.com\/en\/wp-json\/wp\/v2\/pages\/342\/revisions\/1472"}],"wp:attachment":[{"href":"https:\/\/constructioncrystallaurentides.com\/en\/wp-json\/wp\/v2\/media?parent=342"}],"curies":[{"name":"wp","href":"https:\/\/api.w.org\/{rel}","templated":true}]}}