{"id":758,"date":"2022-12-08T14:26:31","date_gmt":"2022-12-08T19:26:31","guid":{"rendered":"https:\/\/constructioncrystallaurentides.com\/?page_id=758"},"modified":"2022-12-12T14:56:16","modified_gmt":"2022-12-12T19:56:16","slug":"terrain-a-vendre-sainte-anne-des-lacs-entrepreneur-maison-neuve","status":"publish","type":"page","link":"https:\/\/constructioncrystallaurentides.com\/en\/terrain-a-vendre-sainte-anne-des-lacs-entrepreneur-maison-neuve\/","title":{"rendered":"terrain \u00e0 vendre sainte-anne-des-lacs-entrepreneur-maison-neuve"},"content":{"rendered":"<div data-elementor-type=\"wp-page\" data-elementor-id=\"758\" class=\"elementor elementor-758\">\n\t\t\t\t\t\t<section class=\"elementor-section elementor-top-section elementor-element elementor-element-90087cc elementor-section-height-min-height elementor-section-boxed elementor-section-height-default elementor-section-items-middle\" data-id=\"90087cc\" data-element_type=\"section\" data-e-type=\"section\" data-settings=\"{&quot;background_background&quot;:&quot;classic&quot;}\">\n\t\t\t\t\t\t\t<div class=\"elementor-background-overlay\"><\/div>\n\t\t\t\t\t\t\t<div class=\"elementor-container elementor-column-gap-default\">\n\t\t\t\t\t<div class=\"elementor-column elementor-col-100 elementor-top-column elementor-element elementor-element-777ac6e\" data-id=\"777ac6e\" data-element_type=\"column\" data-e-type=\"column\">\n\t\t\t<div class=\"elementor-widget-wrap elementor-element-populated\">\n\t\t\t\t\t\t<section class=\"elementor-section elementor-inner-section elementor-element elementor-element-92addae elementor-section-boxed elementor-section-height-default elementor-section-height-default\" data-id=\"92addae\" data-element_type=\"section\" data-e-type=\"section\">\n\t\t\t\t\t\t<div class=\"elementor-container elementor-column-gap-default\">\n\t\t\t\t\t<div class=\"elementor-column elementor-col-100 elementor-inner-column elementor-element elementor-element-c00bbe4\" data-id=\"c00bbe4\" data-element_type=\"column\" data-e-type=\"column\">\n\t\t\t<div class=\"elementor-widget-wrap elementor-element-populated\">\n\t\t\t\t\t\t<div class=\"elementor-element elementor-element-9ae596e elementor-widget elementor-widget-heading\" data-id=\"9ae596e\" data-element_type=\"widget\" data-e-type=\"widget\" data-widget_type=\"heading.default\">\n\t\t\t\t<div class=\"elementor-widget-container\">\n\t\t\t\t\t<h1 class=\"elementor-heading-title elementor-size-default\">Projet immobilier \u00e0 Sainte-Anne-des-Lacs, terrains \u00e0 vendre!<\/h1>\t\t\t\t<\/div>\n\t\t\t\t<\/div>\n\t\t\t\t\t<\/div>\n\t\t<\/div>\n\t\t\t\t\t<\/div>\n\t\t<\/section>\n\t\t\t\t\t<\/div>\n\t\t<\/div>\n\t\t\t\t\t<\/div>\n\t\t<\/section>\n\t\t\t\t<section class=\"elementor-section elementor-top-section elementor-element elementor-element-0ef3b56 elementor-section-boxed elementor-section-height-default elementor-section-height-default\" data-id=\"0ef3b56\" data-element_type=\"section\" data-e-type=\"section\" data-settings=\"{&quot;background_background&quot;:&quot;classic&quot;}\">\n\t\t\t\t\t\t<div class=\"elementor-container elementor-column-gap-default\">\n\t\t\t\t\t<div class=\"elementor-column elementor-col-100 elementor-top-column elementor-element elementor-element-7c6b362\" data-id=\"7c6b362\" data-element_type=\"column\" data-e-type=\"column\">\n\t\t\t<div class=\"elementor-widget-wrap elementor-element-populated\">\n\t\t\t\t\t\t<div class=\"elementor-element elementor-element-6d73f84 elementor-widget elementor-widget-heading\" data-id=\"6d73f84\" data-element_type=\"widget\" data-e-type=\"widget\" data-widget_type=\"heading.default\">\n\t\t\t\t<div class=\"elementor-widget-container\">\n\t\t\t\t\t<h1 class=\"elementor-heading-title elementor-size-default\">Vous cherchez un terrain \u00e0 Sainte-Anne-des-Lacs? Mettez la main sur un prestigieux terrain bois\u00e9. R\u00e9servez d\u00e8s maintenant! D\u00e9couvrez nos maisons neuves \u00e0 construire. Votre nouvelle vie vous attend. Profitez de la qui\u00e9tude des grands espaces!\nnous offrons de vastes terrains bois\u00e9s en plein c\u0153ur des Laurentides!\nProjets cl\u00e9 en main (terrain + construction) ou construction sur votre terrain.\nProjet sur mesure avec terrains \u00e0 Sainte-Anne-des-Lacs!<\/h1>\t\t\t\t<\/div>\n\t\t\t\t<\/div>\n\t\t\t\t<div class=\"elementor-element elementor-element-3f97ba1 elementor-widget elementor-widget-text-editor\" data-id=\"3f97ba1\" data-element_type=\"widget\" data-e-type=\"widget\" data-widget_type=\"text-editor.default\">\n\t\t\t\t<div class=\"elementor-widget-container\">\n\t\t\t\t\t\t\t\t\t<p>NOTRE \u00c9QUIPE QUALIFI\u00c9E saura vous guider dans votre choix de votre terrain, de l\u2019implantation de votre r\u00e9sidence et de l\u2019harmonie visuelle du d\u00e9veloppement r\u00e9sidentiel, nous mettons \u00e0 profit notre expertise pour vous guider dans le processus!<\/p>\t\t\t\t\t\t\t\t<\/div>\n\t\t\t\t<\/div>\n\t\t\t\t\t<\/div>\n\t\t<\/div>\n\t\t\t\t\t<\/div>\n\t\t<\/section>\n\t\t\t\t<section class=\"elementor-section elementor-top-section elementor-element elementor-element-c8855d2 elementor-section-full_width elementor-section-height-default elementor-section-height-default\" data-id=\"c8855d2\" data-element_type=\"section\" data-e-type=\"section\" data-settings=\"{&quot;background_background&quot;:&quot;classic&quot;}\">\n\t\t\t\t\t\t<div class=\"elementor-container elementor-column-gap-no\">\n\t\t\t\t\t<div class=\"elementor-column elementor-col-50 elementor-top-column elementor-element elementor-element-24fd622\" data-id=\"24fd622\" data-element_type=\"column\" data-e-type=\"column\">\n\t\t\t<div class=\"elementor-widget-wrap elementor-element-populated\">\n\t\t\t\t\t\t<div class=\"elementor-element elementor-element-078fd7d elementor-widget elementor-widget-image\" data-id=\"078fd7d\" data-element_type=\"widget\" data-e-type=\"widget\" data-widget_type=\"image.default\">\n\t\t\t\t<div class=\"elementor-widget-container\">\n\t\t\t\t\t\t\t\t\t\t\t\t\t\t\t<img fetchpriority=\"high\" decoding=\"async\" width=\"1024\" height=\"659\" src=\"https:\/\/constructioncrystallaurentides.com\/wp-content\/uploads\/2022\/12\/forest-01-1024x659.webp\" class=\"attachment-large size-large wp-image-474\" alt=\"construction-crystal-laurentides-maison-neuves\" srcset=\"https:\/\/constructioncrystallaurentides.com\/wp-content\/uploads\/2022\/12\/forest-01-1024x659.webp 1024w, https:\/\/constructioncrystallaurentides.com\/wp-content\/uploads\/2022\/12\/forest-01-300x193.webp 300w, https:\/\/constructioncrystallaurentides.com\/wp-content\/uploads\/2022\/12\/forest-01-768x494.webp 768w, https:\/\/constructioncrystallaurentides.com\/wp-content\/uploads\/2022\/12\/forest-01.webp 1074w\" sizes=\"(max-width: 1024px) 100vw, 1024px\" \/>\t\t\t\t\t\t\t\t\t\t\t\t\t\t\t<\/div>\n\t\t\t\t<\/div>\n\t\t\t\t\t<\/div>\n\t\t<\/div>\n\t\t\t\t<div class=\"elementor-column elementor-col-50 elementor-top-column elementor-element elementor-element-21255c0\" data-id=\"21255c0\" data-element_type=\"column\" data-e-type=\"column\">\n\t\t\t<div class=\"elementor-widget-wrap elementor-element-populated\">\n\t\t\t\t\t\t<div class=\"elementor-element elementor-element-3ec6b63 elementor-widget elementor-widget-image\" data-id=\"3ec6b63\" data-element_type=\"widget\" data-e-type=\"widget\" data-widget_type=\"image.default\">\n\t\t\t\t<div class=\"elementor-widget-container\">\n\t\t\t\t\t\t\t\t\t\t\t\t\t\t\t<img decoding=\"async\" width=\"1024\" height=\"659\" src=\"https:\/\/constructioncrystallaurentides.com\/wp-content\/uploads\/2022\/12\/cerf.webp\" class=\"attachment-large size-large wp-image-557\" alt=\"construction-crystal-laurentides-maison-neuves\" srcset=\"https:\/\/constructioncrystallaurentides.com\/wp-content\/uploads\/2022\/12\/cerf.webp 1024w, https:\/\/constructioncrystallaurentides.com\/wp-content\/uploads\/2022\/12\/cerf-300x193.webp 300w, https:\/\/constructioncrystallaurentides.com\/wp-content\/uploads\/2022\/12\/cerf-768x494.webp 768w, https:\/\/constructioncrystallaurentides.com\/wp-content\/uploads\/2022\/12\/cerf-18x12.webp 18w\" sizes=\"(max-width: 1024px) 100vw, 1024px\" \/>\t\t\t\t\t\t\t\t\t\t\t\t\t\t\t<\/div>\n\t\t\t\t<\/div>\n\t\t\t\t\t<\/div>\n\t\t<\/div>\n\t\t\t\t\t<\/div>\n\t\t<\/section>\n\t\t\t\t<section class=\"elementor-section elementor-top-section elementor-element elementor-element-3525f07 elementor-section-boxed elementor-section-height-default elementor-section-height-default\" data-id=\"3525f07\" data-element_type=\"section\" data-e-type=\"section\" data-settings=\"{&quot;background_background&quot;:&quot;classic&quot;}\">\n\t\t\t\t\t\t<div class=\"elementor-container elementor-column-gap-default\">\n\t\t\t\t\t<div class=\"elementor-column elementor-col-100 elementor-top-column elementor-element elementor-element-f8ab1b1\" data-id=\"f8ab1b1\" data-element_type=\"column\" data-e-type=\"column\">\n\t\t\t<div class=\"elementor-widget-wrap elementor-element-populated\">\n\t\t\t\t\t\t<div class=\"elementor-element elementor-element-174884f elementor-widget elementor-widget-text-editor\" data-id=\"174884f\" data-element_type=\"widget\" data-e-type=\"widget\" data-widget_type=\"text-editor.default\">\n\t\t\t\t<div class=\"elementor-widget-container\">\n\t\t\t\t\t\t\t\t\t<p>\u201cNous offrons plusieurs options de projets cl\u00e9s en main pour lequel vous serez en mesure de choisir tous les aspects d\u00e9sir\u00e9s, tout en s&rsquo;assurant de respecter votre budget.<\/p><p>Nous favorisons les communications fr\u00e9quentes avec nos clients,\u201d<\/p><p><strong>Nous offrons le service de cr\u00e9ation et l&rsquo;\u00e9laboration personnalis\u00e9e du plan de votre future propri\u00e9t\u00e9 selon les plus hauts standards de l&rsquo;industrie.<\/strong><\/p>\t\t\t\t\t\t\t\t<\/div>\n\t\t\t\t<\/div>\n\t\t\t\t\t<\/div>\n\t\t<\/div>\n\t\t\t\t\t<\/div>\n\t\t<\/section>\n\t\t\t\t<section class=\"elementor-section elementor-top-section elementor-element elementor-element-3730ec1 elementor-section-boxed elementor-section-height-default elementor-section-height-default\" data-id=\"3730ec1\" data-element_type=\"section\" data-e-type=\"section\" data-settings=\"{&quot;background_background&quot;:&quot;classic&quot;}\">\n\t\t\t\t\t\t<div class=\"elementor-container elementor-column-gap-default\">\n\t\t\t\t\t<div class=\"elementor-column elementor-col-33 elementor-top-column elementor-element elementor-element-0fe3870\" data-id=\"0fe3870\" data-element_type=\"column\" data-e-type=\"column\">\n\t\t\t<div class=\"elementor-widget-wrap elementor-element-populated\">\n\t\t\t\t\t\t<div class=\"elementor-element elementor-element-95e7a35 elementor-view-default elementor-position-block-start elementor-mobile-position-block-start elementor-widget elementor-widget-icon-box\" data-id=\"95e7a35\" data-element_type=\"widget\" data-e-type=\"widget\" data-widget_type=\"icon-box.default\">\n\t\t\t\t<div class=\"elementor-widget-container\">\n\t\t\t\t\t\t\t<div class=\"elementor-icon-box-wrapper\">\n\n\t\t\t\t\t\t<div class=\"elementor-icon-box-icon\">\n\t\t\t\t<a href=\"tel:514-777-6080\" class=\"elementor-icon\" tabindex=\"-1\" aria-label=\"514-777-6080\">\n\t\t\t\t<i aria-hidden=\"true\" class=\"fas fa-phone-square\"><\/i>\t\t\t\t<\/a>\n\t\t\t<\/div>\n\t\t\t\n\t\t\t\t\t\t<div class=\"elementor-icon-box-content\">\n\n\t\t\t\t\t\t\t\t\t<h3 class=\"elementor-icon-box-title\">\n\t\t\t\t\t\t<a href=\"tel:514-777-6080\" >\n\t\t\t\t\t\t\t514-777-6080\t\t\t\t\t\t<\/a>\n\t\t\t\t\t<\/h3>\n\t\t\t\t\n\t\t\t\t\n\t\t\t<\/div>\n\t\t\t\n\t\t<\/div>\n\t\t\t\t\t\t<\/div>\n\t\t\t\t<\/div>\n\t\t\t\t\t<\/div>\n\t\t<\/div>\n\t\t\t\t<div class=\"elementor-column elementor-col-33 elementor-top-column elementor-element elementor-element-12aa711\" data-id=\"12aa711\" data-element_type=\"column\" data-e-type=\"column\">\n\t\t\t<div class=\"elementor-widget-wrap elementor-element-populated\">\n\t\t\t\t\t\t<div class=\"elementor-element elementor-element-6c9469d elementor-view-default elementor-position-block-start elementor-mobile-position-block-start elementor-widget elementor-widget-icon-box\" data-id=\"6c9469d\" data-element_type=\"widget\" data-e-type=\"widget\" data-widget_type=\"icon-box.default\">\n\t\t\t\t<div class=\"elementor-widget-container\">\n\t\t\t\t\t\t\t<div class=\"elementor-icon-box-wrapper\">\n\n\t\t\t\t\t\t<div class=\"elementor-icon-box-icon\">\n\t\t\t\t<span  class=\"elementor-icon\">\n\t\t\t\t<i aria-hidden=\"true\" class=\"fab fa-wpforms\"><\/i>\t\t\t\t<\/span>\n\t\t\t<\/div>\n\t\t\t\n\t\t\t\t\t\t<div class=\"elementor-icon-box-content\">\n\n\t\t\t\t\t\t\t\t\t<h3 class=\"elementor-icon-box-title\">\n\t\t\t\t\t\t<span  >\n\t\t\t\t\t\t\tGET A QUICK QUOTE!\t\t\t\t\t\t<\/span>\n\t\t\t\t\t<\/h3>\n\t\t\t\t\n\t\t\t\t\n\t\t\t<\/div>\n\t\t\t\n\t\t<\/div>\n\t\t\t\t\t\t<\/div>\n\t\t\t\t<\/div>\n\t\t\t\t<div class=\"elementor-element elementor-element-703dba1 elementor-mobile-align-center elementor-align-center elementor-widget elementor-widget-button\" data-id=\"703dba1\" data-element_type=\"widget\" data-e-type=\"widget\" data-widget_type=\"button.default\">\n\t\t\t\t<div class=\"elementor-widget-container\">\n\t\t\t\t\t\t\t\t\t<div class=\"elementor-button-wrapper\">\n\t\t\t\t\t<a class=\"elementor-button elementor-button-link elementor-size-md\" href=\"https:\/\/constructioncrystallaurentides.com\/en\/coordonnees-soumission\/\">\n\t\t\t\t\t\t<span class=\"elementor-button-content-wrapper\">\n\t\t\t\t\t\t\t\t\t<span class=\"elementor-button-text\">FREE QUOTE<\/span>\n\t\t\t\t\t<\/span>\n\t\t\t\t\t<\/a>\n\t\t\t\t<\/div>\n\t\t\t\t\t\t\t\t<\/div>\n\t\t\t\t<\/div>\n\t\t\t\t\t<\/div>\n\t\t<\/div>\n\t\t\t\t<div class=\"elementor-column elementor-col-33 elementor-top-column elementor-element elementor-element-e672aff\" data-id=\"e672aff\" data-element_type=\"column\" data-e-type=\"column\">\n\t\t\t<div class=\"elementor-widget-wrap elementor-element-populated\">\n\t\t\t\t\t\t<div class=\"elementor-element elementor-element-368a194 elementor-view-default elementor-position-block-start elementor-mobile-position-block-start elementor-widget elementor-widget-icon-box\" data-id=\"368a194\" data-element_type=\"widget\" data-e-type=\"widget\" data-widget_type=\"icon-box.default\">\n\t\t\t\t<div class=\"elementor-widget-container\">\n\t\t\t\t\t\t\t<div class=\"elementor-icon-box-wrapper\">\n\n\t\t\t\t\t\t<div class=\"elementor-icon-box-icon\">\n\t\t\t\t<a href=\"mailto:info@constructioncrystallaurentides.com\" target=\"_blank\" class=\"elementor-icon\" tabindex=\"-1\" aria-label=\"EMAIL\">\n\t\t\t\t<i aria-hidden=\"true\" class=\"fas fa-mail-bulk\"><\/i>\t\t\t\t<\/a>\n\t\t\t<\/div>\n\t\t\t\n\t\t\t\t\t\t<div class=\"elementor-icon-box-content\">\n\n\t\t\t\t\t\t\t\t\t<h3 class=\"elementor-icon-box-title\">\n\t\t\t\t\t\t<a href=\"mailto:info@constructioncrystallaurentides.com\" target=\"_blank\" >\n\t\t\t\t\t\t\tEMAIL\t\t\t\t\t\t<\/a>\n\t\t\t\t\t<\/h3>\n\t\t\t\t\n\t\t\t\t\n\t\t\t<\/div>\n\t\t\t\n\t\t<\/div>\n\t\t\t\t\t\t<\/div>\n\t\t\t\t<\/div>\n\t\t\t\t\t<\/div>\n\t\t<\/div>\n\t\t\t\t\t<\/div>\n\t\t<\/section>\n\t\t\t\t<section class=\"elementor-section elementor-top-section elementor-element elementor-element-01f2490 elementor-section-boxed elementor-section-height-default elementor-section-height-default\" data-id=\"01f2490\" data-element_type=\"section\" data-e-type=\"section\" data-settings=\"{&quot;background_background&quot;:&quot;classic&quot;}\">\n\t\t\t\t\t\t<div class=\"elementor-container elementor-column-gap-default\">\n\t\t\t\t\t<div class=\"elementor-column elementor-col-100 elementor-top-column elementor-element elementor-element-5251e6f\" data-id=\"5251e6f\" data-element_type=\"column\" data-e-type=\"column\">\n\t\t\t<div class=\"elementor-widget-wrap elementor-element-populated\">\n\t\t\t\t\t\t<div class=\"elementor-element elementor-element-43b9356 elementor-widget elementor-widget-image\" data-id=\"43b9356\" data-element_type=\"widget\" data-e-type=\"widget\" data-widget_type=\"image.default\">\n\t\t\t\t<div class=\"elementor-widget-container\">\n\t\t\t\t\t\t\t\t\t\t\t\t\t\t\t<img decoding=\"async\" width=\"459\" height=\"125\" src=\"https:\/\/constructioncrystallaurentides.com\/wp-content\/uploads\/2022\/12\/logos-2.webp\" class=\"attachment-full size-full wp-image-587\" alt=\"construction-crystal-laurentides-maison-neuves\" srcset=\"https:\/\/constructioncrystallaurentides.com\/wp-content\/uploads\/2022\/12\/logos-2.webp 459w, https:\/\/constructioncrystallaurentides.com\/wp-content\/uploads\/2022\/12\/logos-2-300x82.webp 300w, https:\/\/constructioncrystallaurentides.com\/wp-content\/uploads\/2022\/12\/logos-2-18x5.webp 18w\" sizes=\"(max-width: 459px) 100vw, 459px\" \/>\t\t\t\t\t\t\t\t\t\t\t\t\t\t\t<\/div>\n\t\t\t\t<\/div>\n\t\t\t\t\t<\/div>\n\t\t<\/div>\n\t\t\t\t\t<\/div>\n\t\t<\/section>\n\t\t\t\t<\/div>","protected":false},"excerpt":{"rendered":"<p>Projet immobilier \u00e0 Sainte-Anne-des-Lacs, terrains \u00e0 vendre! Vous cherchez un terrain \u00e0 Sainte-Anne-des-Lacs? Mettez la main sur un prestigieux terrain bois\u00e9. R\u00e9servez d\u00e8s maintenant! D\u00e9couvrez nos maisons neuves \u00e0 construire. Votre nouvelle vie vous attend. Profitez de la qui\u00e9tude des grands espaces! nous offrons de vastes terrains bois\u00e9s en plein c\u0153ur des Laurentides! Projets cl\u00e9&hellip;&nbsp;<a href=\"https:\/\/constructioncrystallaurentides.com\/en\/terrain-a-vendre-sainte-anne-des-lacs-entrepreneur-maison-neuve\/\" rel=\"bookmark\">Read More &raquo;<span class=\"screen-reader-text\">terrain \u00e0 vendre sainte-anne-des-lacs-entrepreneur-maison-neuve<\/span><\/a><\/p>","protected":false},"author":1,"featured_media":0,"parent":0,"menu_order":0,"comment_status":"closed","ping_status":"closed","template":"page-templates\/template-pagebuilder-full-width.php","meta":{"_seopress_robots_primary_cat":"","_seopress_titles_title":"Terrain \u00e0 vendre Sainte-anne-des-lacs, construction, Projet r\u00e9sidentiel","_seopress_titles_desc":"Construction Crystal Entrepreneur qui offre la vente de terrains \u00e0 Sainte-Anne-des-Lacs et la construction de maison neuve.Projet r\u00e9sidentiel, Habitations haut-de-gamme, plan de maison.","_seopress_robots_index":"","_seopress_analysis_target_kw":"","neve_meta_sidebar":"","neve_meta_container":"","neve_meta_enable_content_width":"off","neve_meta_content_width":100,"neve_meta_title_alignment":"","neve_meta_author_avatar":"","neve_post_elements_order":"","neve_meta_disable_header":"","neve_meta_disable_footer":"","neve_meta_disable_title":"","neve_meta_reading_time":"","footnotes":""},"class_list":["post-758","page","type-page","status-publish","hentry"],"_links":{"self":[{"href":"https:\/\/constructioncrystallaurentides.com\/en\/wp-json\/wp\/v2\/pages\/758","targetHints":{"allow":["GET"]}}],"collection":[{"href":"https:\/\/constructioncrystallaurentides.com\/en\/wp-json\/wp\/v2\/pages"}],"about":[{"href":"https:\/\/constructioncrystallaurentides.com\/en\/wp-json\/wp\/v2\/types\/page"}],"author":[{"embeddable":true,"href":"https:\/\/constructioncrystallaurentides.com\/en\/wp-json\/wp\/v2\/users\/1"}],"replies":[{"embeddable":true,"href":"https:\/\/constructioncrystallaurentides.com\/en\/wp-json\/wp\/v2\/comments?post=758"}],"version-history":[{"count":37,"href":"https:\/\/constructioncrystallaurentides.com\/en\/wp-json\/wp\/v2\/pages\/758\/revisions"}],"predecessor-version":[{"id":956,"href":"https:\/\/constructioncrystallaurentides.com\/en\/wp-json\/wp\/v2\/pages\/758\/revisions\/956"}],"wp:attachment":[{"href":"https:\/\/constructioncrystallaurentides.com\/en\/wp-json\/wp\/v2\/media?parent=758"}],"curies":[{"name":"wp","href":"https:\/\/api.w.org\/{rel}","templated":true}]}}